{"id":275,"date":"2025-04-25T07:16:45","date_gmt":"2025-04-25T11:16:45","guid":{"rendered":"https:\/\/radiocidadecentenario.com.br\/?page_id=275"},"modified":"2025-04-25T12:52:12","modified_gmt":"2025-04-25T16:52:12","slug":"radio-cidade-centenario-985-fm","status":"publish","type":"page","link":"https:\/\/radiocidadecentenario.com.br\/","title":{"rendered":"R\u00e1dio Cidade Centen\u00e1rio 98,5 FM"},"content":{"rendered":"\t\t<div data-elementor-type=\"wp-page\" data-elementor-id=\"275\" class=\"elementor elementor-275\">\n\t\t\t\t<div class=\"elementor-element elementor-element-77d4d03 e-con-full e-flex e-con e-parent\" data-id=\"77d4d03\" data-element_type=\"container\">\n\t\t\t\t<div class=\"elementor-element elementor-element-651eddb elementor-widget elementor-widget-html\" data-id=\"651eddb\" data-element_type=\"widget\" data-widget_type=\"html.default\">\n\t\t\t\t<div class=\"elementor-widget-container\">\n\t\t\t<!DOCTYPE html>\r\n<html lang=\"pt-BR\">\r\n<head>\r\n  <meta charset=\"UTF-8\">\r\n  <meta name=\"viewport\" content=\"width=device-width, initial-scale=1\">\r\n  <title>R\u00e1dio Cidade Centen\u00e1rio 98,5 FM<\/title>\r\n  <style>\r\n    body {\r\n      font-family: 'Segoe UI', Tahoma, Geneva, Verdana, sans-serif;\r\n      margin: 0;\r\n      padding: 0;\r\n      background-color: #f9f9f9;\r\n      color: #333;\r\n    }\r\n    header {\r\n      background: linear-gradient(135deg, #ff6600, #ff9900);\r\n      color: white;\r\n      padding: 40px 20px;\r\n      text-align: center;\r\n    }\r\n    nav {\r\n      background: #333;\r\n      text-align: center;\r\n      padding: 10px;\r\n      position: sticky;\r\n      top: 0;\r\n      z-index: 999;\r\n    }\r\n    nav a {\r\n      color: white;\r\n      margin: 0 15px;\r\n      text-decoration: none;\r\n      font-weight: bold;\r\n      font-size: 14px;\r\n    }\r\n    section {\r\n      padding: 10px 20px;\r\n      text-align: center;\r\n    }\r\n    .carousel {\r\n      max-width: 100%;\r\n      overflow: hidden;\r\n      position: relative;\r\n    }\r\n    .slides-wrapper {\r\n      width: 100%;\r\n      overflow: hidden;\r\n    }\r\n    .slides {\r\n      display: flex;\r\n      transition: transform 1s ease-in-out;\r\n      width: 100%;\r\n    }\r\n    .slides img {\r\n      width: 300%;\r\n      flex-shrink: 0;\r\n    }\r\n    h1, h2 {\r\n      margin-bottom: 20px;\r\n    }\r\n    .programacao ul {\r\n      list-style: none;\r\n      padding: 0;\r\n    }\r\n    .programacao li {\r\n      background: #fff;\r\n      margin: 10px auto;\r\n      padding: 15px;\r\n      border-radius: 8px;\r\n      box-shadow: 0 2px 8px rgba(0,0,0,0.1);\r\n      width: 80%;\r\n      font-size: 18px;\r\n    }\r\n    footer {\r\n      background: #222;\r\n      color: #ccc;\r\n      padding: 20px;\r\n      font-size: 14px;\r\n      margin-top: 40px;\r\n    }\r\n    .whatsapp-button {\r\n      position: fixed;\r\n      bottom: 20px;\r\n      right: 20px;\r\n      background-color: #25d366;\r\n      color: white;\r\n      border-radius: 50px;\r\n      padding: 15px 20px;\r\n      text-decoration: none;\r\n      font-size: 20px;\r\n      display: flex;\r\n      align-items: center;\r\n      box-shadow: 0 2px 10px rgba(0,0,0,0.3);\r\n      z-index: 9999;\r\n    }\r\n    .whatsapp-button:hover {\r\n      background-color: #1ebe57;\r\n    }\r\n  <\/style>\r\n<\/head>\r\n\r\n<body>\r\n\r\n<header>\r\n  <h1>R\u00e1dio Cidade Centen\u00e1rio 98,5 FM<\/h1>\r\n  <p>Conectando Centen\u00e1rio do Sul com m\u00fasica, informa\u00e7\u00e3o e alegria!<\/p>\r\n<\/header>\r\n\r\n<!-- PLAYER -->\r\n<section id=\"player\" style=\"text-align:center; padding: 30px;\">\r\n  <h2>Ou\u00e7a Ao Vivo<\/h2>\r\n  <audio controls style=\"width: 90%; max-width: 600px;\">\r\n    <source src=\"http:\/\/stream.zeno.fm\/9krf3y26f78uv\" type=\"audio\/mpeg\">\r\n    Seu navegador n\u00e3o suporta o player de \u00e1udio.\r\n  <\/audio>\r\n<\/section>\r\n\r\n<!-- MENU -->\r\n<nav>\r\n  <a href=\"#sobre\">Sobre<\/a>\r\n  <a href=\"#programacao\">Programa\u00e7\u00e3o<\/a>\r\n  <a href=\"#noticias\">Not\u00edcias<\/a>\r\n<\/nav>\r\n\r\n<!-- CARROSSEL -->\r\n<div class=\"carousel\">\r\n  <div class=\"slides-wrapper\">\r\n    <div class=\"slides\">\r\n      <img decoding=\"async\" src=\"https:\/\/radiocidadecentenario.com.br\/wp-content\/uploads\/2025\/04\/20.png\" alt=\"Banner 1\">\r\n      <img decoding=\"async\" src=\"https:\/\/radiocidadecentenario.com.br\/wp-content\/uploads\/2025\/04\/30.png\" alt=\"Banner 2\">\r\n      <img decoding=\"async\" src=\"https:\/\/radiocidadecentenario.com.br\/wp-content\/uploads\/2025\/04\/40.png\" alt=\"Banner 3\">\r\n    <\/div>\r\n  <\/div>\r\n<\/div>\r\n\r\n<!-- SOBRE -->\r\n<section id=\"sobre\">\r\n  <h2>Sobre N\u00f3s<\/h2>\r\n  <p>Somos a voz da comunidade de Centen\u00e1rio do Sul! A R\u00e1dio Cidade 98,5 FM leva at\u00e9 voc\u00ea a melhor programa\u00e7\u00e3o musical, jornalismo comunit\u00e1rio e participa\u00e7\u00e3o ativa dos nossos ouvintes. Sintonize a frequ\u00eancia da alegria e da informa\u00e7\u00e3o!<\/p>\r\n<\/section>\r\n\r\n<!-- PROGRAMA\u00c7\u00c3O -->\r\n<section id=\"programacao\" class=\"programacao\">\r\n  <h2>Programa\u00e7\u00e3o<\/h2>\r\n  <ul>\r\n    <li>08h00 - 12h00 | Programa\u00e7\u00e3o da Manh\u00e3 com Karol Moura<\/li>\r\n    <li>12h00 - 13h00 | Programa Amor sem fim<\/li>\r\n    <li>13h00 - 13h30 | Programa Fala Paran\u00e1<\/li>\r\n    <li>14h00 - 17h00 | Programa\u00e7\u00e3o da Tarde com Oscar Baruque<\/li>\r\n    <li>17h00 - 18h30 | Programa Pe\u00e3o Cowboy<\/li>\r\n    <li>18h30 - 20h00 | Hora da Ave Maria<\/li>\r\n  <\/ul>\r\n<\/section>\r\n\r\n<!-- NOT\u00cdCIAS -->\r\n<section id=\"noticias\">\r\n  <h2>\u00daltimas Not\u00edcias | Fonte: Bem Paran\u00e1<\/h2>\r\n  <iframe src=\"https:\/\/rss.app\/embed\/v1\/magazine\/hJDjNm1HQFyLKUMY\" width=\"100%\" height=\"500\" frameborder=\"0\"><\/iframe>\r\n<\/section>\r\n\r\n<!-- CONTATO -->\r\n<section id=\"contato\">\r\n  <h2>Fale Conosco<\/h2>\r\n  <p><strong>WhatsApp:<\/strong> <a href=\"https:\/\/wa.me\/5543998739850\" target=\"_blank\">(43) 99873-9850<\/a><\/p>\r\n  <p><strong>Endere\u00e7o:<\/strong> Rua Jos\u00e9 Wilson Dami\u00e3o, 203 - Centro - Centen\u00e1rio do Sul\/PR<\/p>\r\n<\/section>\r\n\r\n<!-- RODAP\u00c9 -->\r\n<footer>\r\n  <p>&copy; 2025 R\u00e1dio Cidade Centen\u00e1rio - Todos os direitos reservados<\/p>\r\n<\/footer>\r\n\r\n<!-- BOT\u00c3O WHATSAPP -->\r\n<a class=\"whatsapp-button\" href=\"https:\/\/wa.me\/5543998739850\" target=\"_blank\">\r\n  WhatsApp\r\n<\/a>\r\n\r\n<!-- SCRIPT DO CARROSSEL -->\r\n<script>\r\n  let currentIndex = 0;\r\n  const slides = document.querySelector('.slides');\r\n  const totalSlides = slides.querySelectorAll('img').length;\r\n\r\n  setInterval(() => {\r\n    currentIndex = (currentIndex + 1) % totalSlides;\r\n    slides.style.transform = `translateX(-${currentIndex * 100}%)`;\r\n  }, 5000);\r\n<\/script>\r\n\r\n<\/body>\r\n<\/html>\r\n\t\t<\/div>\n\t\t\t\t<\/div>\n\t\t\t\t<\/div>\n\t\t\t\t<\/div>\n\t\t","protected":false},"excerpt":{"rendered":"<p>R\u00e1dio Cidade Centen\u00e1rio 98,5 FM R\u00e1dio Cidade Centen\u00e1rio 98,5 FM Conectando Centen\u00e1rio do Sul com m\u00fasica, informa\u00e7\u00e3o e alegria! Ou\u00e7a Ao Vivo Seu navegador n\u00e3o suporta o player de \u00e1udio. Sobre Programa\u00e7\u00e3o Not\u00edcias Sobre N\u00f3s Somos a voz da comunidade de Centen\u00e1rio do Sul! A R\u00e1dio Cidade 98,5 FM leva at\u00e9 voc\u00ea a melhor programa\u00e7\u00e3o [&hellip;]<\/p>\n","protected":false},"author":1,"featured_media":0,"parent":0,"menu_order":0,"comment_status":"closed","ping_status":"closed","template":"elementor_canvas","meta":{"om_disable_all_campaigns":false,"_monsterinsights_skip_tracking":false,"_monsterinsights_sitenote_active":false,"_monsterinsights_sitenote_note":"","_monsterinsights_sitenote_category":0},"aioseo_notices":[],"_links":{"self":[{"href":"https:\/\/radiocidadecentenario.com.br\/index.php\/wp-json\/wp\/v2\/pages\/275"}],"collection":[{"href":"https:\/\/radiocidadecentenario.com.br\/index.php\/wp-json\/wp\/v2\/pages"}],"about":[{"href":"https:\/\/radiocidadecentenario.com.br\/index.php\/wp-json\/wp\/v2\/types\/page"}],"author":[{"embeddable":true,"href":"https:\/\/radiocidadecentenario.com.br\/index.php\/wp-json\/wp\/v2\/users\/1"}],"replies":[{"embeddable":true,"href":"https:\/\/radiocidadecentenario.com.br\/index.php\/wp-json\/wp\/v2\/comments?post=275"}],"version-history":[{"count":73,"href":"https:\/\/radiocidadecentenario.com.br\/index.php\/wp-json\/wp\/v2\/pages\/275\/revisions"}],"predecessor-version":[{"id":386,"href":"https:\/\/radiocidadecentenario.com.br\/index.php\/wp-json\/wp\/v2\/pages\/275\/revisions\/386"}],"wp:attachment":[{"href":"https:\/\/radiocidadecentenario.com.br\/index.php\/wp-json\/wp\/v2\/media?parent=275"}],"curies":[{"name":"wp","href":"https:\/\/api.w.org\/{rel}","templated":true}]}}